{"id":17279,"date":"2025-02-25T14:14:11","date_gmt":"2025-02-25T13:14:11","guid":{"rendered":"https:\/\/www.bittensaddiction.com\/?page_id=17279"},"modified":"2025-11-24T08:31:09","modified_gmt":"2025-11-24T07:31:09","slug":"sockerbomben","status":"publish","type":"page","link":"https:\/\/www.bittensaddiction.com\/sv\/sockerbomben\/","title":{"rendered":"Sockerbomben"},"content":{"rendered":"<div class=\"wpb-content-wrapper\"><p>[vc_row css_animation=&#8221;&#8221; row_type=&#8221;row&#8221; use_row_as_full_screen_section=&#8221;no&#8221; type=&#8221;full_width&#8221; angled_section=&#8221;no&#8221; text_align=&#8221;left&#8221; background_image_as_pattern=&#8221;without_pattern&#8221;][vc_column width=&#8221;1\/2&#8243;][vc_column_text css=&#8221;&#8221;]<a href=\"https:\/\/www.bittensaddiction.com\/sv\/wp-content\/uploads\/2016\/10\/sockerbomben_bokomslag.jpg\"><img loading=\"lazy\" decoding=\"async\" class=\"size-full wp-image-15767 alignrigh\" src=\"https:\/\/www.bittensaddiction.com\/sv\/wp-content\/uploads\/2016\/10\/sockerbomben_bokomslag.jpg\" alt=\"Sockerbomben 3.0\" width=\"201\" height=\"309\" srcset=\"https:\/\/www.bittensaddiction.com\/sv\/wp-content\/uploads\/2016\/10\/sockerbomben_bokomslag.jpg 201w, https:\/\/www.bittensaddiction.com\/sv\/wp-content\/uploads\/2016\/10\/sockerbomben_bokomslag-195x300.jpg 195w\" sizes=\"auto, (max-width: 201px) 100vw, 201px\" \/><\/a><br \/>\n[\/vc_column_text][vc_empty_space][vc_column_text css=&#8221;&#8221;]Boken <em>Sockerbomben 3.0<\/em> finns nu endast som <a href=\"https:\/\/www.adlibris.com\/sv\/bok\/sockerbomben-30-9789188429179\" target=\"_blank\" rel=\"noopener\"><strong>e-bok<\/strong><\/a>.<br \/>\n&nbsp;<\/p>\n<p>Bli medlem i den slutna gruppen <em>Sockerbomben i din hj\u00e4rna<\/em> p\u00e5 Facebook. Gl\u00f6m inte att svara p\u00e5 fr\u00e5gorna s\u00e5 vi kan l\u00e4gga till dig.<\/p>\n<p><a href=\"https:\/\/www.facebook.com\/groups\/157655870911321\" target=\"_blank\" rel=\"noopener\"><strong>Sockerbomben i din hj\u00e4rna<\/strong><\/a>[\/vc_column_text][\/vc_column][vc_column width=&#8221;1\/2&#8243;][vc_column_text css=&#8221;&#8221;]<img loading=\"lazy\" decoding=\"async\" class=\"alignnleft size-medium wp-image-17311\" src=\"https:\/\/www.bittensaddiction.com\/sv\/wp-content\/uploads\/2025\/11\/Cover-2025-200x300.png\" alt=\"Sugar Bomb In Your Brain book cover\" width=\"200\" height=\"300\" srcset=\"https:\/\/www.bittensaddiction.com\/sv\/wp-content\/uploads\/2025\/11\/Cover-2025-200x300.png 200w, https:\/\/www.bittensaddiction.com\/sv\/wp-content\/uploads\/2025\/11\/Cover-2025-683x1024.png 683w, https:\/\/www.bittensaddiction.com\/sv\/wp-content\/uploads\/2025\/11\/Cover-2025-768x1152.png 768w, https:\/\/www.bittensaddiction.com\/sv\/wp-content\/uploads\/2025\/11\/Cover-2025-1024x1536.png 1024w, https:\/\/www.bittensaddiction.com\/sv\/wp-content\/uploads\/2025\/11\/Cover-2025-1365x2048.png 1365w, https:\/\/www.bittensaddiction.com\/sv\/wp-content\/uploads\/2025\/11\/Cover-2025-700x1050.png 700w, https:\/\/www.bittensaddiction.com\/sv\/wp-content\/uploads\/2025\/11\/Cover-2025.png 1500w\" sizes=\"auto, (max-width: 200px) 100vw, 200px\" \/><br \/>\n[\/vc_column_text][vc_empty_space][vc_column_text css=&#8221;&#8221;]Coming in 2026![\/vc_column_text][\/vc_column][vc_column][vc_empty_space][\/vc_column][vc_column][\/vc_column][\/vc_row]<\/p>\n<\/div>","protected":false},"excerpt":{"rendered":"<p>[vc_row css_animation=&#8221;&#8221; row_type=&#8221;row&#8221; use_row_as_full_screen_section=&#8221;no&#8221; type=&#8221;full_width&#8221; angled_section=&#8221;no&#8221; text_align=&#8221;left&#8221; background_image_as_pattern=&#8221;without_pattern&#8221;][vc_column width=&#8221;1\/2&#8243;][vc_column_text css=&#8221;&#8221;] [\/vc_column_text][vc_empty_space][vc_column_text css=&#8221;&#8221;]Boken Sockerbomben 3.0 finns nu endast som e-bok. &nbsp; Bli medlem i den slutna gruppen Sockerbomben i din hj\u00e4rna p\u00e5 Facebook. Gl\u00f6m inte att svara p\u00e5 fr\u00e5gorna s\u00e5 vi kan l\u00e4gga till dig. Sockerbomben&#8230;<\/p>\n","protected":false},"author":5,"featured_media":0,"parent":0,"menu_order":0,"comment_status":"closed","ping_status":"closed","template":"","meta":{"_exactmetrics_skip_tracking":false,"_exactmetrics_sitenote_active":false,"_exactmetrics_sitenote_note":"","_exactmetrics_sitenote_category":0,"footnotes":""},"class_list":["post-17279","page","type-page","status-publish","hentry"],"_links":{"self":[{"href":"https:\/\/www.bittensaddiction.com\/sv\/wp-json\/wp\/v2\/pages\/17279","targetHints":{"allow":["GET"]}}],"collection":[{"href":"https:\/\/www.bittensaddiction.com\/sv\/wp-json\/wp\/v2\/pages"}],"about":[{"href":"https:\/\/www.bittensaddiction.com\/sv\/wp-json\/wp\/v2\/types\/page"}],"author":[{"embeddable":true,"href":"https:\/\/www.bittensaddiction.com\/sv\/wp-json\/wp\/v2\/users\/5"}],"replies":[{"embeddable":true,"href":"https:\/\/www.bittensaddiction.com\/sv\/wp-json\/wp\/v2\/comments?post=17279"}],"version-history":[{"count":8,"href":"https:\/\/www.bittensaddiction.com\/sv\/wp-json\/wp\/v2\/pages\/17279\/revisions"}],"predecessor-version":[{"id":17322,"href":"https:\/\/www.bittensaddiction.com\/sv\/wp-json\/wp\/v2\/pages\/17279\/revisions\/17322"}],"wp:attachment":[{"href":"https:\/\/www.bittensaddiction.com\/sv\/wp-json\/wp\/v2\/media?parent=17279"}],"curies":[{"name":"wp","href":"https:\/\/api.w.org\/{rel}","templated":true}]}}