{"id":15385,"date":"2015-10-02T09:30:01","date_gmt":"2015-10-02T09:30:01","guid":{"rendered":"http:\/\/95.143.206.34\/~bittensaddiction\/?page_id=15385"},"modified":"2024-10-17T10:47:27","modified_gmt":"2024-10-17T08:47:27","slug":"kalendarium","status":"publish","type":"page","link":"https:\/\/www.bittensaddiction.com\/sv\/kalendarium\/","title":{"rendered":"Kalendarium"},"content":{"rendered":"<h1>Kommande kurser och event<\/h1>\n<p>&nbsp;<\/p>\n<p>H\u00e4r \u00e4r en sammanst\u00e4llning \u00f6ver kommande kurser, f\u00f6rel\u00e4sningar och evenemang som jag sj\u00e4lv eller n\u00e5gon av mina certifierade HMA\u00ae-specialister h\u00e5ller i. Vid varje evenemang finns en l\u00e4nk till detaljerad information p\u00e5 arrang\u00f6rens hemsida. Om du har fr\u00e5gor om n\u00e5got evenemang kontaktar du respektive arrang\u00f6r.\u00a0F\u00f6r fler kurser \u00e4n de som n\u00e4mns nedan se utbildade specialisters hemsidor <a href=\"\/\/www.bittensaddiction.com\/sv\/kontakt\/behandling\/\" target=\"_blank\" rel=\"noopener noreferrer\">(adresser dit kan du hitta h\u00e4r)<\/a>.<br \/>\n&nbsp;<br \/>\n&nbsp;<\/p>\n<h2>Kommande event<\/h2>\n<hr \/>\n<p>&nbsp;<\/p>\n<h3>April 2025<\/h3>\n<ul>\n<li>11\u201313 april: En sockerfri weekend i T\u00e4llberg. Skapa minnen f\u00f6r livet, skratta, sjung och l\u00e4r dig mer om hur du kan leva h\u00e4lsosammare. Tillsammans tar vi stegen mot en sockerfri livsstil! Boka din plats idag och bli en del av n\u00e5got st\u00f6rre. Vi ser fram emot att tr\u00e4ffa dig i T\u00e4llberg!<a href=\"https:\/\/www.sockerfriweekend.com\" target=\"_blank\" rel=\"noopener\"> L\u00e4s mer och anm\u00e4l dig h\u00e4r<\/a>!<br \/>\n<a href=\"https:\/\/www.sockerfriweekend.com\" target=\"_blank\" rel=\"noopener\"><img loading=\"lazy\" decoding=\"async\" class=\"alignnone size-medium wp-image-17756\" src=\"https:\/\/www.bittensaddiction.com\/sv\/wp-content\/uploads\/2024\/10\/Tallberg.png\" alt=\"\" width=\"300\" height=\"169\" \/><\/a><\/li>\n<\/ul>\n<p>&nbsp;<br \/>\n&nbsp;<\/p>\n<h2>Tidigare event<\/h2>\n<hr \/>\n<p>&nbsp;<\/p>\n<h3>Oktober 2024<\/h3>\n<ul>\n<li>7\u201314 okt: The 10th Annual KickSugar Summit, 2024, med insikter fr\u00e5n 50+ l\u00e4kare, forskare och experter, som hj\u00e4lper m\u00e4nniskor att bli fria fr\u00e5n beroende av socker och processad mat, som g\u00f6r oss metaboliskt sjuka och tr\u00f6tta, \u00f6verviktiga och deprimerade.<a href=\"https:\/\/www.kicksugarsummit.com\/?ref=53497-Bitten-Jonsson&amp;track_al=KaPTEkMJUJdDCn75cAUX4vvQ\/\" target=\"_blank\" rel=\"noopener\">Anm\u00e4l dig h\u00e4r<\/a>!<br \/>\n<a href=\"https:\/\/www.kicksugarsummit.com\/?ref=53497-Bitten-Jonsson&amp;track_al=KaPTEkMJUJdDCn75cAUX4vvQ\/\" target=\"_blank\" rel=\"noopener\"><img loading=\"lazy\" decoding=\"async\" class=\"alignnone size-medium wp-image-17756\" src=\"https:\/\/www.bittensaddiction.com\/en\/wp-content\/uploads\/2024\/09\/BITTEN-JONSSON-X.png\" alt=\"\" width=\"300\" height=\"169\" \/><\/a><\/li>\n<\/ul>\n<p>&nbsp;<br \/>\n&nbsp;<\/p>\n<h3>Januari 2024<\/h3>\n<ul>\n<li>Jan 8\u201314: The <a href=\"https:\/\/quitsugarsummit.com\/jan-2024-quit-sugar_summit_registration?a_aid=651d65ee923a5\" target=\"_blank\" rel=\"noopener noreferrer\">11th Quit Sugar Summit<\/a> \u2013 \u00c4r du redo att bli fri from k\u00e4nslostyrt \u00e4tande och beroende p\u00e5 ett h\u00e4lsosamt och l\u00e4tt s\u00e4tt? Anm\u00e4l dig h\u00e4r till detta <a href=\"https:\/\/quitsugarsummit.com\/jan-2024-quit-sugar_summit_registration?a_aid=651d65ee923a5\" rel=\"noopener\" target=\"_blank\">gratis online event<\/a>.<br \/>\n<a href=\"https:\/\/quitsugarsummit.com\/jan-2024-quit-sugar_summit_registration?a_aid=651d65ee923a5\" target=\"_blank\" rel=\"noopener\"><img loading=\"lazy\" decoding=\"async\" class=\"alignnone size-medium wp-image-17756\" src=\"https:\/\/www.bittensaddiction.com\/en\/wp-content\/uploads\/2023\/12\/1-Bitten-Jonsson-RN.jpg\" alt=\"\" width=\"300\" height=\"300\" \/><\/a><\/li>\n<\/ul>\n<p>&nbsp;<\/p>\n<h3>Oktober 2023<\/h3>\n<ul>\n<li>16\u201323 oktober: <a href=\"https:\/\/bit.ly\/bitten-kick-sugar-9th\" target=\"_blank\" rel=\"noopener noreferrer\">The 9th Annual Kick Sugar Summit<\/a>.<br \/>\n\u00c4r du tr\u00f6tt p\u00e5 att inte kunna h\u00e5lla dig ifr\u00e5n socker, \u00e4ven om du lovat dig sj\u00e4lv att idag \u00e4r det dags? Intervjuer med v\u00e4rldens ledande experter om forskningen p\u00e5 sockerberoende och tillfrisknande.<br \/>\n<a href=\"https:\/\/bit.ly\/bitten-kick-sugar-9th\" target=\"_blank\" rel=\"noopener\"><img loading=\"lazy\" decoding=\"async\" class=\"alignnone size-medium wp-image-17756\" src=\"https:\/\/www.bittensaddiction.com\/sv\/wp-content\/uploads\/2023\/10\/BITTEN-JONSSON.png\" alt=\"\" width=\"300\" height=\"169\" \/><\/a><\/li>\n<\/ul>\n<p>&nbsp;<\/p>\n<ul>\n<li>12 oktober: <a href=\"https:\/\/sockerfriadagen.se\/\" target=\"_blank\" rel=\"noopener noreferrer\">Sockerfria dagen<\/a>, Stockholm.<a href=\"https:\/\/sockerfriadagen.se\" target=\"_blank\" rel=\"noopener noreferrer\">\n<p><a href=\"https:\/\/sockerfriadagen.se\/biljetter\" target=\"_blank\" rel=\"noopener\"><img loading=\"lazy\" decoding=\"async\" class=\"alignleft size-medium wp-image-16948\" src=\"https:\/\/www.bittensaddiction.com\/sv\/wp-content\/uploads\/2023\/10\/2023.jpeg\" alt=\"\" width=\"300\" height=\"228\" \/><\/a><\/li>\n<\/ul>\n<p>&nbsp;<br \/>\n&nbsp;<br \/>\n&nbsp;<br \/>\n&nbsp;<br \/>\n&nbsp;<br \/>\n&nbsp;<br \/>\n&nbsp;<br \/>\n&nbsp;<br \/>\n&nbsp;<br \/>\n&nbsp;<\/p>\n<h3>April 2023<\/h3>\n<ul>\n<li>21\u201322 april : <a href=\"https:\/\/www.cenaps.com\/symposium\" target=\"_blank\" rel=\"noopener noreferrer\"> Preventing Relapse Symposium <\/a> \u2013 l\u00e4r dig hur du kan stoppa en \u00e5terfallscykel, identifiera och hantera din inre sabot\u00f6r och mycket mer. Jag kommer att prata om en modell f\u00f6r \u00e5terfallsprevention f\u00f6r att hantera socker- och matberoende. <a href=\"https:\/\/www.bittensaddiction.com\/sv\/wp-content\/uploads\/2023\/02\/Preventing-Relapse-Save-the-Date.pdf\" target=\"_blank\" rel=\"noopener noreferrer\">Mer info<\/a>. <a href=\"https:\/\/www.cenaps.com\/symposium\" target=\"_blank\" rel=\"noopener noreferrer\">Anm\u00e4l dig<\/a> h\u00e4r!<br \/>\n<a href=\"https:\/\/www.cenaps.com\/symposium\" target=\"_blank\" rel=\"noopener\"><img loading=\"lazy\" decoding=\"async\" class=\"alignleft size-medium wp-image-16948\" src=\"https:\/\/www.bittensaddiction.com\/sv\/wp-content\/uploads\/2023\/02\/preventrelapse.jpeg\" alt=\"\" width=\"300\" height=\"169\" \/><\/a><\/li>\n<\/ul>\n<p>&nbsp;<br \/>\n&nbsp;<br \/>\n&nbsp;<br \/>\n&nbsp;<br \/>\n&nbsp;<br \/>\n&nbsp;<br \/>\n&nbsp;<br \/>\n&nbsp;<\/p>\n<h3>Mars 2023<\/h3>\n<ul>\n<li>2 mars: <a href=\"https:\/\/courses.nutrition-network.org\/p\/womens-health-symposium\" target=\"_blank\" rel=\"noopener noreferrer\"> Women&#8217;s Health Symposium <\/a> \u2013 <em>Nutrition Network<\/em> h\u00e5ller Women&#8217;s Health Symposium den 2 mars. Fantastiska f\u00f6rel\u00e4sare om ett under-representarat omr\u00e5de inom nutritionsl\u00e4ra.<a href=\"https:\/\/www.cenaps.com\/symposium\" target=\"_blank\" rel=\"noopener noreferrer\"> Anm\u00e4l dig och k\u00f6p biljett<\/a> h\u00e4r!<br \/>\n<a href=\"https:\/\/courses.nutrition-network.org\/p\/womens-health-symposium\" target=\"_blank\" rel=\"noopener\"><img loading=\"lazy\" decoding=\"async\" class=\"alignleft size-medium wp-image-16948\" src=\"https:\/\/www.bittensaddiction.com\/en\/wp-content\/uploads\/2023\/02\/womenshealth.png\" alt=\"\" width=\"300\" height=\"153\" \/><\/a><\/li>\n<\/ul>\n<p>&nbsp;<br \/>\n&nbsp;<br \/>\n&nbsp;<br \/>\n&nbsp;<br \/>\n&nbsp;<br \/>\n&nbsp;<br \/>\n&nbsp;<br \/>\n&nbsp;<\/p>\n<h3>Januari 2023<\/h3>\n<ul>\n<li>16-22 januari: <a href=\"https:\/\/quitsugarsummit.com\/?afmc=3a\/\" target=\"_blank\" rel=\"noopener noreferrer\"> The 10th Quit Sugar Summit <\/a> \u2013 st\u00e4rk och boosta ditt immunf\u00f6rsvar genom att f\u00f6rst\u00e5 sockrets roll i ditt liv och l\u00e4r dig enkla, bepr\u00f6vade s\u00e4tt att minska p\u00e5 eller helt ta bort socker f\u00f6r alltid!<br \/>\n<a href=\"https:\/\/quitsugarsummit.com\/?afmc=3a\" target=\"_blank\" rel=\"noopener noreferrer\">Anm\u00e4l dig<\/a> h\u00e4r.<br \/>\n<a href=\"https:\/\/bit.ly\/bitten-quit-sugar-10\/\" target=\"_blank\" rel=\"noopener\"><img loading=\"lazy\" decoding=\"async\" class=\"alignleft size-medium wp-image-16948\" src=\"https:\/\/www.bittensaddiction.com\/en\/wp-content\/uploads\/2023\/01\/1-Bitten-Jonsson-RN.jpg\" alt=\"\" width=\"300\" height=\"300\" \/><\/a><\/li>\n<\/ul>\n<p>&nbsp;<br \/>\n&nbsp;<br \/>\n&nbsp;<br \/>\n&nbsp;<br \/>\n&nbsp;<br \/>\n&nbsp;<br \/>\n&nbsp;<br \/>\n&nbsp;<br \/>\n&nbsp;<br \/>\n&nbsp;<br \/>\n&nbsp;<br \/>\n&nbsp;<br \/>\n&nbsp;<\/p>\n<h3>November 2022<\/h3>\n<ul>\n<li>3 november: <a href=\"https:\/\/nutrition-network.org\/world-nutrition-summit-addiction-symposium-3-november-2022\/\" target=\"_blank\" rel=\"noopener noreferrer\">World Nutrition Summit<\/a> \u2013 Addiction Symposium, med v\u00e4rldsledande specialister p\u00e5 en virtuell scen med fokus p\u00e5 f\u00f6rst\u00e5else och hantering av sockerberoende. Anm\u00e4l dig och k\u00f6p biljetter <a href=\"https:\/\/courses.nutrition-network.org\/p\/addiction-symposium\" target=\"_blank\" rel=\"noopener noreferrer\">h\u00e4r<\/a>.<br \/>\n<a href=\"https:\/\/nutrition-network.org\/world-nutrition-summit-addiction-symposium-3-november-2022\/\" target=\"_blank\" rel=\"noopener\"><img loading=\"lazy\" decoding=\"async\" class=\"alignleft size-medium wp-image-16948\" src=\"https:\/\/www.bittensaddiction.com\/en\/wp-content\/uploads\/2022\/09\/Nutrition-network.jpeg\" alt=\"\" width=\"300\" height=\"169\" \/><\/a><\/li>\n<\/ul>\n<p>&nbsp;<br \/>\n&nbsp;<br \/>\n&nbsp;<br \/>\n&nbsp;<br \/>\n&nbsp;<br \/>\n&nbsp;<br \/>\n&nbsp;<br \/>\n&nbsp;<\/p>\n<h3>Oktober 2022<\/h3>\n<ul>\n<li>12 oktober: <a href=\"https:\/\/sockerfriadagen.se\/\" target=\"_blank\" rel=\"noopener noreferrer\">Sockerfria dagen<\/a>, Stockholm.<a href=\"https:\/\/sockerfriadagen.se\/biljetter\" target=\"_blank\" rel=\"noopener noreferrer\"><br \/>\nH\u00e4r<\/a> kan du k\u00f6pa biljetter till eventet.<br \/>\n<a href=\"https:\/\/sockerfriadagen.se\/biljetter\" target=\"_blank\" rel=\"noopener\"><img loading=\"lazy\" decoding=\"async\" class=\"alignleft size-medium wp-image-16948\" src=\"https:\/\/www.bittensaddiction.com\/sv\/wp-content\/uploads\/2022\/08\/Ewa-Bitten-och-Babben-300x200.jpeg\" alt=\"\" width=\"300\" height=\"200\" srcset=\"https:\/\/www.bittensaddiction.com\/sv\/wp-content\/uploads\/2022\/08\/Ewa-Bitten-och-Babben-300x200.jpeg 300w, https:\/\/www.bittensaddiction.com\/sv\/wp-content\/uploads\/2022\/08\/Ewa-Bitten-och-Babben-1024x683.jpeg 1024w, https:\/\/www.bittensaddiction.com\/sv\/wp-content\/uploads\/2022\/08\/Ewa-Bitten-och-Babben-768x512.jpeg 768w, https:\/\/www.bittensaddiction.com\/sv\/wp-content\/uploads\/2022\/08\/Ewa-Bitten-och-Babben-700x467.jpeg 700w, https:\/\/www.bittensaddiction.com\/sv\/wp-content\/uploads\/2022\/08\/Ewa-Bitten-och-Babben.jpeg 1086w\" sizes=\"auto, (max-width: 300px) 100vw, 300px\" \/><\/a><\/li>\n<\/ul>\n<p>&nbsp;<br \/>\n&nbsp;<br \/>\n&nbsp;<br \/>\n&nbsp;<br \/>\n&nbsp;<br \/>\n&nbsp;<br \/>\n&nbsp;<br \/>\n&nbsp;<br \/>\n&nbsp;<br \/>\n&nbsp;<\/p>\n<h3>September 2022<\/h3>\n<ul>\n<li>26 september \u2013 2 oktober: <a href=\"https:\/\/bit.ly\/bitten-quitsugar\" target=\"_blank\" rel=\"noopener noreferrer\">The 9th Annual Quit Sugar Summit<\/a>.<br \/>\nV\u00e4rldens ledande experter ger dig allt nytt om socker och ger dig en strategi f\u00f6r att dra ner p\u00e5 din sockerkonsumtion.<br \/>\n<a href=\"https:\/\/bit.ly\/bitten-quitsugar\" target=\"_blank\" rel=\"noopener\"><img loading=\"lazy\" decoding=\"async\" class=\"alignnone size-medium wp-image-17756\" src=\"https:\/\/www.bittensaddiction.com\/en\/wp-content\/uploads\/2022\/09\/Bitten-Jonsson-RN-1.jpg\" alt=\"\" width=\"300\" height=\"300\" \/><\/a><\/li>\n<\/ul>\n<h3><\/h3>\n<p>&nbsp;<\/p>\n<ul>\n<li>14-16 september: <a href=\"https:\/\/consciousbreathingsummit.com\" target=\"_blank\" rel=\"noopener noreferrer\">Conscious breathing summit<\/a>, Stockholm<br \/>\n<a href=\"https:\/\/www.youtube.com\/watch?v=MD1S4lwMWKE\" target=\"_blank\" rel=\"noopener\"><img loading=\"lazy\" decoding=\"async\" class=\"alignnone size-medium wp-image-17756\" src=\"https:\/\/www.bittensaddiction.com\/sv\/wp-content\/uploads\/2022\/08\/meet-our-speakers-CB-summit-bitten-jonsson_email2.jpg\" alt=\"\" width=\"300\" height=\"158\" \/><\/a><\/li>\n<\/ul>\n<p>&nbsp;<\/p>\n<ul>\n<li>1\u20138 september: Lyssna p\u00e5 mig och 60+ v\u00e4rldsledande experter p\u00e5\u00a0<em>8th Annual Kick Sugar Summit 2022<\/em>.<br \/>\nAnm\u00e4l dig till gratis online event h\u00e4r: <a href=\"https:\/\/bit.ly\/bitten-kicksugar\" target=\"_blank\" rel=\"noopener\">Kick Sugar Summit.<\/a><br \/>\n<a href=\"https:\/\/bit.ly\/bitten-kicksugar\" target=\"_blank\" rel=\"noopener\"><img loading=\"lazy\" decoding=\"async\" class=\"alignnone size-medium wp-image-17756\" src=\"https:\/\/www.bittensaddiction.com\/en\/wp-content\/uploads\/2022\/08\/Sugar-summit-300x300.png\" alt=\"\" width=\"300\" height=\"300\" \/><\/a><\/li>\n<\/ul>\n<p><a href=\"https:\/\/www.bittensaddiction.com\/en\/wp-content\/uploads\/2022\/08\/FULL_SPEAKER_SCHEDULE.png\" target=\"_blank\" rel=\"noopener\">Hela schemat hittar du h\u00e4r.<\/a><\/p>\n<p>&nbsp;<\/p>\n<h2>Andras kurser och f\u00f6rel\u00e4sningar<\/h2>\n<hr \/>\n<p>&nbsp;<br \/>\n&nbsp;<br \/>\n&nbsp;<\/p>\n","protected":false},"excerpt":{"rendered":"<p>Kommande kurser och event &nbsp; H\u00e4r \u00e4r en sammanst\u00e4llning \u00f6ver kommande kurser, f\u00f6rel\u00e4sningar och evenemang som jag sj\u00e4lv eller n\u00e5gon av mina certifierade HMA\u00ae-specialister h\u00e5ller i. Vid varje evenemang finns en l\u00e4nk till detaljerad information p\u00e5 arrang\u00f6rens hemsida. Om du har fr\u00e5gor om n\u00e5got evenemang&#8230;<\/p>\n","protected":false},"author":3,"featured_media":15883,"parent":0,"menu_order":0,"comment_status":"closed","ping_status":"closed","template":"","meta":{"_exactmetrics_skip_tracking":false,"_exactmetrics_sitenote_active":false,"_exactmetrics_sitenote_note":"","_exactmetrics_sitenote_category":0,"footnotes":""},"class_list":["post-15385","page","type-page","status-publish","has-post-thumbnail","hentry"],"_links":{"self":[{"href":"https:\/\/www.bittensaddiction.com\/sv\/wp-json\/wp\/v2\/pages\/15385","targetHints":{"allow":["GET"]}}],"collection":[{"href":"https:\/\/www.bittensaddiction.com\/sv\/wp-json\/wp\/v2\/pages"}],"about":[{"href":"https:\/\/www.bittensaddiction.com\/sv\/wp-json\/wp\/v2\/types\/page"}],"author":[{"embeddable":true,"href":"https:\/\/www.bittensaddiction.com\/sv\/wp-json\/wp\/v2\/users\/3"}],"replies":[{"embeddable":true,"href":"https:\/\/www.bittensaddiction.com\/sv\/wp-json\/wp\/v2\/comments?post=15385"}],"version-history":[{"count":327,"href":"https:\/\/www.bittensaddiction.com\/sv\/wp-json\/wp\/v2\/pages\/15385\/revisions"}],"predecessor-version":[{"id":17242,"href":"https:\/\/www.bittensaddiction.com\/sv\/wp-json\/wp\/v2\/pages\/15385\/revisions\/17242"}],"wp:featuredmedia":[{"embeddable":true,"href":"https:\/\/www.bittensaddiction.com\/sv\/wp-json\/wp\/v2\/media\/15883"}],"wp:attachment":[{"href":"https:\/\/www.bittensaddiction.com\/sv\/wp-json\/wp\/v2\/media?parent=15385"}],"curies":[{"name":"wp","href":"https:\/\/api.w.org\/{rel}","templated":true}]}}